{"id":107,"date":"2020-09-19T18:57:41","date_gmt":"2020-09-19T16:57:41","guid":{"rendered":"https:\/\/www.ipicape.de\/new_website\/?page_id=107"},"modified":"2020-10-19T16:45:02","modified_gmt":"2020-10-19T14:45:02","slug":"ipicape-interessante-links","status":"publish","type":"page","link":"https:\/\/www.ipicape.de\/new_website\/ipicape-interessante-links\/","title":{"rendered":"IPICAPE &#8211; Interessante Links"},"content":{"rendered":"\n<p>Diese Liste mit Links zum Thema spanische und lateinamerikanische Kultur und Politik wird laufend erweitert. <\/p>\n\n\n\n<ul class=\"wp-block-list\"><li><a href=\"https:\/\/www.ipicape.de\/deutsch\/links_d.html#HH\">Hamburg<\/a><\/li><li><a href=\"https:\/\/www.ipicape.de\/deutsch\/links_d.html#news\">Zeitungen und andere Nachrichten<\/a><\/li><li><a href=\"https:\/\/www.ipicape.de\/deutsch\/links_d.html#orgs\">Organisationen\/Institutionen<\/a><\/li><li><a href=\"https:\/\/www.ipicape.de\/deutsch\/links_d.html#lit\">Literatur<\/a><\/li><li><a href=\"https:\/\/www.ipicape.de\/deutsch\/links_d.html#art\">Kunst\/Architektur<\/a><\/li><li><a href=\"https:\/\/www.ipicape.de\/deutsch\/links_d.html#music\">Musik<\/a><\/li><li><a href=\"https:\/\/www.ipicape.de\/deutsch\/links_d.html#sci\">Wissenschaft<\/a><\/li><li><a href=\"https:\/\/www.ipicape.de\/deutsch\/links_d.html#cams\">Webcams<\/a><\/li><li><a href=\"https:\/\/www.ipicape.de\/deutsch\/links_d.html#misc\">Verschiedenes<\/a><\/li><\/ul>\n\n\n\n<hr class=\"wp-block-separator\"\/>\n\n\n\n<h3 class=\"wp-block-heading\"><a>Hamburg<\/a><\/h3>\n\n\n\n<ul class=\"wp-block-list\"><li><a href=\"http:\/\/www.ajsu.de\/elbutacon\/\">Literaturkreis &#8222;El Butac\u00f3n&#8220;<\/a><\/li><li><a href=\"http:\/\/www.cima-hh.de\/1.html\">C\u00edrculo Mexicano Alem\u00e1n<\/a> in Hamburg<\/li><li><a href=\"http:\/\/hamburgo.cervantes.es\">Instituto Cervantes in Hamburg<\/a><\/li><li><a href=\"http:\/\/www.3001-kino.de\/start.html\">Kino 3001<\/a><\/li><li><a href=\"http:\/\/www.metropoliskino.de\/\">Metropolis Kino Kinemathek Hamburg<\/a><\/li><li><a href=\"http:\/\/www.ojal.de\">Ojal\u00e1<\/a> &#8211; Zeitschrift in der Diaspora in Hamburg<\/li><li><a href=\"http:\/\/www.ronda-iberoamericana.de\/\">Ronda Iberoamericana e.V.<\/a><\/li><li><a href=\"http:\/\/www.solatino.org\/\">SoLatino<\/a> &#8211; Hamburger Lateinamerika-Gesellschaft<\/li><li><a href=\"http:\/\/www.spanisch-hh.de\/\">Spanisch-Stammtisch Hamburg<\/a><\/li><\/ul>\n\n\n\n<h3 class=\"wp-block-heading\"><a>Zeitungen und andere Nachrichten<\/a><\/h3>\n\n\n\n<ul class=\"wp-block-list\"><li><a href=\"http:\/\/www.canalseisdejulio.com\/\">Canal 6 de Julio<\/a><\/li><li><a href=\"http:\/\/www.clarin.com\/\">Clar\u00edn (Argentinien)<\/a><\/li><li><a href=\"http:\/\/www.excelsior.com.mx\">El Excelsior (Mexico)<\/a><\/li><li><a href=\"http:\/\/www.elmostrador.cl\/\">El Mostrador (Chile)<\/a><\/li><li><a href=\"http:\/\/www.elmundo.es\/index.html\">El Mundo (Spanien)<\/a><\/li><li><a href=\"http:\/\/www.elnuevodiario.com.ni\">El Nuevo Diario (Nicaragua)<\/a><\/li><li><a href=\"http:\/\/www.elpais.es\/\">El Pa\u00eds (Spanien)<\/a><\/li><li><a href=\"http:\/\/www.proceso.com.mx\">El Proceso (Mexico)<\/a><\/li><li><a href=\"http:\/\/granma.co.cu\/\">Granma (Cuba)<\/a><\/li><li><a href=\"http:\/\/www.jornada.unam.mx\/\">La Jornada (Mexico)<\/a><\/li><li><a href=\"http:\/\/www.laprensa.com.ni\">La Prensa (Nicaragua)<\/a><\/li><li><a href=\"http:\/\/www.semana.com.co\">La Semana (Kolumbien)<\/a><\/li><li><a href=\"http:\/\/www.zonalatina.com\/Zlpapers.htm\">Zona Latina &#8211; Zeitungen<\/a><\/li><\/ul>\n\n\n\n<h3 class=\"wp-block-heading\"><a>Organisationen\/Institutionen<\/a><\/h3>\n\n\n\n<ul class=\"wp-block-list\"><li><a href=\"http:\/\/www.rrz.uni-hamburg.de\/IIK\/adlaf\/\">Arbeitsgemeinschaft Deutsche Lateinamerika-Forschung (ADLAF)<\/a><\/li><li><a href=\"http:\/\/www.attac.org\/de\">ATTAC<\/a> (Association for the Taxation of financial Transactions for the Aid of Citizens)<\/li><li><a href=\"http:\/\/w3.mecanica.upm.es\/CervanTeX\/\">CervanTeX<\/a> &#8211; spanische TeX-Anwendervereinigung<\/li><li><a href=\"http:\/\/www.computer-aid.org\/spanish\/home.htm\">Computer Aid Internation<\/a>, eine Organisation, die gebrauchte, brauchbare PCs an Entwicklungsl\u00e4nder vermittelt<\/li><li><a href=\"http:\/\/www.ezln.org.mx\/\">Ej\u00e9rcito Nacional de Liberaci\u00f3n Zapatista<\/a><\/li><li><a href=\"http:\/\/www.forumsocialmundial.org.br\/index.php?cd_language=4&amp;id_menu=\">Forum Social Mundial<\/a><\/li><li><a href=\"http:\/\/www.cervantes.es\/\">Instituto Cervantes<\/a><\/li><li><a href=\"http:\/\/irn.org\/programs\/latamerica\/spanish.shtml\">International Rivers Network (IRN)<\/a>, \u00f6kologische Projekte in Lateinamerika<\/li><li><a href=\"http:\/\/www.linux.org.sv\/\">Linux-Uservereinigung El Salvador<\/a><\/li><li><a href=\"http:\/\/conaie.nativeweb.org\/\">Nationale Vereinigung der Eingeborenenv\u00f6lker Ecuadors (CONAIE)<\/a><\/li><li><a href=\"http:\/\/www.vamosadelante.org\/\">Vamos Adelante<\/a>, ein Schul- und Gesundheits-Entwicklungsprojekt in Guatemala<\/li><\/ul>\n\n\n\n<h3 class=\"wp-block-heading\"><a>Literatur<\/a><\/h3>\n\n\n\n<ul class=\"wp-block-list\"><li><a href=\"http:\/\/www.bne.es\/\">Spanische Nationalbibliothek<\/a><\/li><li><a href=\"http:\/\/www.spanisharts.com\/e_index.html\">Spanish-Books<\/a><\/li><li><a href=\"http:\/\/cervantesvirtual.com\/\">Biblioteca Virtual Miguel de Cervantes<\/a><\/li><li><a href=\"http:\/\/www.vallenajerilla.com\/berceo\/index.htm\">Gonzalo de Berceo<\/a>, der erste spanische Dichter<\/li><li><a href=\"http:\/\/www.agenda-latina.de\/\">Agenda Latina<\/a><\/li><li><a href=\"http:\/\/www.casaescritura.com\/\">CasaEscritura<\/a><\/li><li><a href=\"http:\/\/www.letralia.com\/\">Letralia, Tierra de Letras<\/a>, Zeitschrift und Verlag hispanoamerikanischer Schriftsteller im Internet<\/li><li><a href=\"http:\/\/cervantes.tamu.edu\/V2\/index.html\">Proyecto Cervantes<\/a><\/li><li><a href=\"http:\/\/www.acmym.de\/hp\/tertulia\/index.php\">sst &#8211; Spanischer Stammtisch\/Tertulia espa\u00f1ola<\/a> in D\u00fcsseldorf<\/li><li><a href=\"http:\/\/www.lib.virginia.edu\/wess\/etexts.html#spanish\">Spanische Literaturlinks im WessWeb<\/a>, Univ. Virginia<\/li><li><a href=\"http:\/\/www.wikilengua.org\/index.php\/Portada\">Wikilengua<\/a><\/li><li>Spanischsprachige Nobelpreistr\u00e4ger<ul><li><a href=\"http:\/\/nobelprize.org\/nobel_prizes\/literature\/laureates\/1977\/\">Vicente Aleixandre (1977)<\/a><\/li><li><a href=\"http:\/\/nobelprize.org\/nobel_prizes\/literature\/laureates\/1967\/\">Miguel \u00c1ngel Asturias (1967)<\/a><\/li><li><a href=\"http:\/\/nobelprize.org\/nobel_prizes\/literature\/laureates\/1989\/\">Camilo Jose Cela (1989)<\/a><\/li><li><a href=\"http:\/\/nobelprize.org\/nobel_prizes\/literature\/laureates\/1904\/\">Jose Echegaray y Eizaguirre (1904)<\/a><\/li><li><a href=\"http:\/\/nobelprize.org\/nobel_prizes\/literature\/laureates\/1982\/\">Gabriel Garc\u00eda M\u00e1rquez (1982)<\/a><\/li><li><a href=\"http:\/\/nobelprize.org\/nobel_prizes\/literature\/laureates\/1956\/\">Juan Ram\u00f3n Jimenez (1956)<\/a><\/li><li><a href=\"http:\/\/nobelprize.org\/nobel_prizes\/literature\/laureates\/1945\/\">Gabriela Mistral (1945)<\/a><\/li><li><a href=\"http:\/\/nobelprize.org\/nobel_prizes\/literature\/laureates\/1971\/\">Pablo Neruda (1971)<\/a><\/li><li><a href=\"http:\/\/nobelprize.org\/nobel_prizes\/literature\/laureates\/1990\/\">Octavio Paz (1990)<\/a><\/li><li><a href=\"http:\/\/nobelprize.org\/nobel_prizes\/literature\/laureates\/2010\/\">Mario Vargas Llosa (2010)<\/a><\/li><\/ul><\/li><li><a href=\"http:\/\/www.predicado.com\">predicado<\/a> &#8211; spanisches Web-Literaturprojekt<\/li><li><a href=\"http:\/\/www.unostiposduros.com\/\">Unos tipos duros<\/a> &#8211; Theorie und Praxis des Drucksatzes<\/li><\/ul>\n\n\n\n<h3 class=\"wp-block-heading\"><a>Kunst\/Architektur<\/a><\/h3>\n\n\n\n<ul class=\"wp-block-list\"><li>Mark Harden&#8217;s <a href=\"http:\/\/www.artchive.com\/artchive\/spanish.html\">Artchive &#8211; Spanische Kunst<\/a><\/li><li><a href=\"http:\/\/www.spanisharts.com\/\">SpanishArts<\/a><\/li><li><a href=\"http:\/\/www.tu-dresden.de\/CJV\/\">Carl Justi-Vereinigung zur F\u00f6rderung der kunstwissenschaftlichen Zusammenarbeit mit Spanien und Portugal<\/a>, TU Dresden<\/li><li><a href=\"http:\/\/www.salvadordali.de\/index2.htm\">Salvador Dal\u00ed<\/a><\/li><li><a href=\"http:\/\/picasso.shsu.edu\/\">Online Picasso Project<\/a><\/li><li><a href=\"http:\/\/www.montecatini.cl\/\">Virtuelle Galerie Montecatini<\/a><\/li><\/ul>\n\n\n\n<h3 class=\"wp-block-heading\"><a>Musik<\/a><\/h3>\n\n\n\n<ul class=\"wp-block-list\"><li><a href=\"http:\/\/www.abctango.com.ar\/\">abcTango<\/a><\/li><li><a href=\"http:\/\/www.cello.org\/casals\/casals.htm\">Pablo Casals<\/a><\/li><li><a href=\"http:\/\/www.joaquin-rodrigo.com\">Joaqu\u00edn Rodrigo<\/a><\/li><li><a href=\"http:\/\/www.sureste-tango.com\/\">Sureste Tango Trio<\/a><\/li><li><a href=\"http:\/\/www.duoliebertango.de\/\">Duo LieberTango<\/a><\/li><\/ul>\n\n\n\n<h3 class=\"wp-block-heading\"><a>Wissenschaft<\/a><\/h3>\n\n\n\n<ul class=\"wp-block-list\"><li><a href=\"http:\/\/www.aacte.eu\/\">AACTE &#8211; Vereinigung zur F\u00f6rderung von Wissenschaft und Technologie in Spanien<\/a><\/li><li><a href=\"http:\/\/www.csic.es\/\">CSIC &#8211; Spanischer Oberster Forschungsrat<\/a><\/li><li><a href=\"http:\/\/ciencia.msfc.nasa.gov\/\">Ciencia@NASA<\/a><\/li><li><a href=\"http:\/\/www.servir.net\/\">SIAM-SERVIR<\/a>, Portal mit Umweltkarten und -daten f\u00fcr Mittelamerika<\/li><li><a href=\"http:\/\/particleadventure.org\/particleadventure\/spanish\/index.html\">Das Teilchen-Abenteuer<\/a>, vom Lawrence Berkeley Lab (spanisch, auch auf deutsch vorhanden)<\/li><li><a href=\"http:\/\/www.gedlc.ulpgc.es\/\">Computerlinguistik<\/a>, Universit\u00e4t von Las Palmas<\/li><li><a href=\"http:\/\/www.pewhispanic.org\/\">Pew Hispanic Center<\/a>, University of Southern California<\/li><li>Universit\u00e4ten<ul><li><a href=\"http:\/\/lanic.utexas.edu\/la\/region\/highered\/\">Higher Education in Latin America<\/a><\/li><li><a href=\"http:\/\/www.ucm.es\/\">Complutense-Universit\u00e4t Madrid<\/a><\/li><li><a href=\"http:\/\/www.unam.mx\/index\/de\">UNAM &#8211; Universidad Aut\u00f3noma de Mexico<\/a><\/li><li><a href=\"http:\/\/www.unanleon.edu.ni\/\">UNAN &#8211; Universidad Aut\u00f3noma de Nicaragua, Le\u00f3n<\/a><\/li><\/ul><\/li><\/ul>\n\n\n\n<h3 class=\"wp-block-heading\"><a>Webcams<\/a><\/h3>\n\n\n\n<ul class=\"wp-block-list\"><li><a href=\"http:\/\/caribenet.com\/webcam\/\">Cartagena, CaribeNet-Internet-Caf\u00e9 (Kolumbien)<\/a><\/li><li><a href=\"http:\/\/www.hafen-hamburg.de\/content\/webcam-ctt-0\">Hamburg, Hafen (Deutschland)<\/a><\/li><li><a href=\"http:\/\/neptune.spaceports.com\/~xpress\/index.htm\">Isla Margarita (Venezuela)<\/a><\/li><li><a href=\"http:\/\/www.bedevideo.com\/\">Madrid, c\/ Alcal\u00e1\/Arturo Soria (Spanien)<\/a><\/li><li><a href=\"http:\/\/www.pancanal.com\/eng\/photo\/camera-java.html\">Miraflores, Panamakanal (Panama)<\/a><\/li><li><a href=\"http:\/\/www.cenapred.unam.mx\/mvolcan.html\">Popocatepetl (Mexico)<\/a>, Bilder von <a href=\"http:\/\/www.cenapred.unam.mx\/\">CENAPRED<\/a><\/li><li><a href=\"http:\/\/www.earthcam.com\/southamerica\/ecuador\/quito\/nojava.html\">Quito (Ecuador)<\/a><\/li><li><a href=\"http:\/\/www.laprensagrafica.com\/index.php\/lpg-webcams.html\">San Salvador-Vulkan<\/a>, Blick von La Prensa Gr\u00e1fica, Santa Elena, El Salvador<\/li><\/ul>\n\n\n\n<h3 class=\"wp-block-heading\"><a>Verschiedenes<\/a><\/h3>\n\n\n\n<ul class=\"wp-block-list\"><li><a href=\"http:\/\/www.cinespanol.de\">Cinespa\u00f1ol &#8211; Filmtournee<\/a> des Cine Global Filmverleihs<\/li><li><a href=\"http:\/\/www.spanisch-lehrbuch.de\/\">Curso de Espa\u00f1ol<\/a> &#8211; Spanisch gratis lernen<\/li><li><a href=\"http:\/\/www.amelatine.com\/\">AmeLatine<\/a> &#8211; l&#8217;Am\u00e9rique latine en France (haupts\u00e4chlich auf franz\u00f6sisch)<\/li><li><a href=\"http:\/\/www.cibercentro.com\/\">Cibercentro<\/a><\/li><li><a href=\"http:\/\/www.focusweb.org\/\">Focus on the Global South<\/a><\/li><li><a href=\"http:\/\/ciudadfutura.com\/huevera\">La Huevera<\/a><\/li><li><a href=\"http:\/\/jefferson.village.virginia.edu\/med\/medwww.html\">Mayan Epigraphic Database Project<\/a><\/li><li><a href=\"http:\/\/geocities.ws\/a1ma_mia\/amate.html\">Mexican Heritage Almanac<\/a><\/li><li><a href=\"http:\/\/www.getty.edu\/research\/tools\/guides_bibliographies\/mexico\/\">Mexico &#8211; vom Kaiserreich zur Revolution<\/a>, Dokumentation des Getty-Forschungsinstituts<\/li><li><a href=\"http:\/\/www.mundolatino.org\/\">El Mundo Latino &#8211; Die virtuelle Gemeinde der Spanischsprachigen<\/a><\/li><li>Online-W\u00f6rterb\u00fccher Spanisch\/Deutsch<ul><li><a href=\"http:\/\/dict.leo.org\/esde?lp=esde&amp;search=\">LEO<\/a><\/li><li><a href=\"http:\/\/www.ponsline.de\/cgi-bin\/wb\/w.pl?Richtung=Spanisch\">PONSline<\/a><\/li><\/ul><\/li><li><a href=\"http:\/\/www.piedrasobrepiedra.com\/\">Piedra sobre piedra<\/a> &#8211; Wandern und Naturfotografie in Spanien<\/li><li><a href=\"http:\/\/spanishculture.tqn.com\/\">Spanish Culture<\/a><\/li><li>Wikipedia-Enzyklop\u00e4die auf <a href=\"http:\/\/es.wikipedia.org\/\">Spanisch<\/a> und <a href=\"http:\/\/de.wikipedia.org\/\">Deutsch<\/a><\/li><li><a href=\"http:\/\/de.wikibooks.org\/wiki\/Spanisch\">Wikibooks-Lehrbuch Spanisch<\/a><\/li><li>Alternativer Nobelpreis (Right Livelihood Award)<ul><li><a href=\"http:\/\/www.rightlivelihood.org\/recip\/max-neef.htm\">Manfred Max-Neef<\/a>, Chile 1983<\/li><li><a href=\"http:\/\/www.rightlivelihood.org\/recip\/ikanan.htm\">Evaristo Nugkuag Ikanan\/AIDESEP<\/a>, Peru 1986<\/li><li><a href=\"http:\/\/www.rightlivelihood.org\/recip\/lutzenberger.htm\">Jos\u00e9 Lutzenberger<\/a>, Brasilien 1988<\/li><li><a href=\"http:\/\/www.rightlivelihood.org\/recip\/atcc.htm\">Asociaci\u00f3n de Trabajadores Campesinos del Carare (ATCC)<\/a>, Kolumbien 1990<\/li><li><a href=\"http:\/\/www.rightlivelihood.se\/recip\/mst.htm\">Movimento dos Trabalhadores Rurais sem Terra (MST)<\/a> y <a href=\"http:\/\/www.rightlivelihood.se\/recip\/cpt.htm\">Commiss\u00e3o Pastoral da Terra (CPT)<\/a>, Brasilien 1991<\/li><li><a href=\"http:\/\/www.rightlivelihood.org\/recip\/chang.htm\">Helen Mack Chang<\/a>, Guatemala 1992<\/li><li><a href=\"http:\/\/www.rightlivelihood.org\/recip\/orrego.htm\">Juan Pablo Orrego<\/a>, Chile 1998<\/li><li><a href=\"http:\/\/www.rightlivelihood.se\/recip\/garces.htm\">Juan Garces<\/a>, Spanien 1999<\/li><li><a href=\"http:\/\/www.rightlivelihood.se\/\">Grupo de Agricultura Org\u00e1nica (GAO)<\/a>, Cuba 1999<\/li><li><a href=\"http:\/\/www.coama.org.co\/\">Consolidaci\u00f3n de la Regi\u00f3n Amaz\u00f3nica (COAMA)<\/a>, Kolumbien 1999<\/li><li><a href=\"http:\/\/www.rightlivelihood.se\/recip\/boff.htm\">Leonardo Boff<\/a>, Brasilien 2001<\/li><li><a href=\"http:\/\/www.rightlivelihood.se\/recip\/abreu.htm\">Jos\u00e9 Antonio Abreu<\/a>, Venezuela 2001<\/li><li><a href=\"http:\/\/www.rightlivelihood.org\/recip\/almada.htm\">Martin Almada<\/a>, Paraguay 2002<\/li><li><a href=\"http:\/\/www.rightlivelihood.org\/recip\/2004\/bianca-jagger.htm\">Bianca Jagger<\/a>, Nicaragua 2004<\/li><li><a href=\"http:\/\/www.rightlivelihood.org\/recip\/2004\/raul-montenegro.htm\">Ra\u00fal Montenegro<\/a>, Argentinien 2004<\/li><li><a href=\"http:\/\/www.rightlivelihood.org\/recip\/2005\/francisco-toledo.htm\">Francisco Toledo<\/a>, Mexico 2005 (Ehrenpreis)<\/li><\/ul><\/li><li><a href=\"http:\/\/www.filosofia.org\/\">Proyecto filosof\u00eda en espa\u00f1ol<\/a><\/li><li><a href=\"http:\/\/www.utilidad.com\/\">utilidad.com<\/a>, Ratgeberportal (spanische Version von <a href=\"http:\/\/www.hilfreich.de\/\">hilfreich.de<\/a>)<\/li><\/ul>\n","protected":false},"excerpt":{"rendered":"<p>Diese Liste mit Links zum Thema spanische und lateinamerikanische Kultur und Politik wird laufend erweitert. Hamburg Zeitungen und andere Nachrichten Organisationen\/Institutionen Literatur Kunst\/Architektur Musik Wissenschaft Webcams Verschiedenes Hamburg Literaturkreis &#8222;El Butac\u00f3n&#8220; C\u00edrculo Mexicano Alem\u00e1n in &hellip;<\/p>\n","protected":false},"author":1,"featured_media":0,"parent":0,"menu_order":0,"comment_status":"closed","ping_status":"closed","template":"","meta":{"footnotes":""},"class_list":["post-107","page","type-page","status-publish","hentry"],"_links":{"self":[{"href":"https:\/\/www.ipicape.de\/new_website\/wp-json\/wp\/v2\/pages\/107","targetHints":{"allow":["GET"]}}],"collection":[{"href":"https:\/\/www.ipicape.de\/new_website\/wp-json\/wp\/v2\/pages"}],"about":[{"href":"https:\/\/www.ipicape.de\/new_website\/wp-json\/wp\/v2\/types\/page"}],"author":[{"embeddable":true,"href":"https:\/\/www.ipicape.de\/new_website\/wp-json\/wp\/v2\/users\/1"}],"replies":[{"embeddable":true,"href":"https:\/\/www.ipicape.de\/new_website\/wp-json\/wp\/v2\/comments?post=107"}],"version-history":[{"count":3,"href":"https:\/\/www.ipicape.de\/new_website\/wp-json\/wp\/v2\/pages\/107\/revisions"}],"predecessor-version":[{"id":147,"href":"https:\/\/www.ipicape.de\/new_website\/wp-json\/wp\/v2\/pages\/107\/revisions\/147"}],"wp:attachment":[{"href":"https:\/\/www.ipicape.de\/new_website\/wp-json\/wp\/v2\/media?parent=107"}],"curies":[{"name":"wp","href":"https:\/\/api.w.org\/{rel}","templated":true}]}}