{"id":13,"date":"2020-09-12T18:33:38","date_gmt":"2020-09-12T16:33:38","guid":{"rendered":"https:\/\/www.ipicape.de\/new_website\/?page_id=13"},"modified":"2026-03-05T11:52:01","modified_gmt":"2026-03-05T10:52:01","slug":"deutsch-spanischer-kindergarten","status":"publish","type":"page","link":"https:\/\/www.ipicape.de\/new_website\/","title":{"rendered":"Deutsch-Spanischer Kindergarten &#8222;La Cometa&#8220;"},"content":{"rendered":"\n<h2 class=\"wp-block-heading has-text-align-center has-accent-1-color has-sitebg-background-color has-text-color has-background has-link-color has-larger-font-size wp-elements-93465b929752210683dc71e852ea3d93\">                       FREIE ELEMENTARPL\u00c4TZE Informationen hierzu per Mail: kg@ipicape.de                                                                                                 <\/h2>\n\n\n\n<div class=\"wp-block-buttons is-horizontal is-content-justification-center is-layout-flex wp-container-core-buttons-is-layout-499968f5 wp-block-buttons-is-layout-flex\">\n<div class=\"wp-block-button\"><a class=\"wp-block-button__link has-accent-2-background-color has-background wp-element-button\" href=\"#kinderkrippe\">Kinderkrippe<\/a><\/div>\n\n\n\n<div class=\"wp-block-button\"><a class=\"wp-block-button__link has-accent-2-background-color has-background wp-element-button\" href=\"#vorschularbeit\">Vorschularbeit<\/a><\/div>\n\n\n\n<div class=\"wp-block-button\"><a class=\"wp-block-button__link has-accent-2-background-color has-background wp-element-button\" href=\"#gesunde\">gesunde Ern\u00e4hrung<\/a><\/div>\n\n\n\n<div class=\"wp-block-button\"><a class=\"wp-block-button__link has-accent-2-background-color has-background wp-element-button\" href=\"#ausflug\">Ausfl\u00fcge<\/a><\/div>\n\n\n\n<div class=\"wp-block-button\"><a class=\"wp-block-button__link has-accent-2-background-color has-background wp-element-button\" href=\"#leih\">Leihbibliothek<\/a><\/div>\n\n\n\n<div class=\"wp-block-button\"><a class=\"wp-block-button__link has-accent-2-background-color has-background wp-element-button\" href=\"#tag\">Beispieltag<\/a><\/div>\n\n\n\n<div class=\"wp-block-button\"><a class=\"wp-block-button__link has-accent-2-background-color has-background wp-element-button\" href=\"#opentime\">\u00d6ffnungszeiten<\/a><\/div>\n\n\n\n\n<\/div>\n\n\n\n<hr class=\"wp-block-separator has-css-opacity\"\/>\n\n\n\n<div class=\"wp-block-media-text alignwide is-stacked-on-mobile\" style=\"grid-template-columns:32% auto\"><figure class=\"wp-block-media-text__media\"><img loading=\"lazy\" decoding=\"async\" width=\"250\" height=\"188\" src=\"https:\/\/www.ipicape.de\/new_website\/wp-content\/uploads\/2020\/10\/img_haus.jpg\" alt=\"\" class=\"wp-image-160 size-full\"\/><\/figure><div class=\"wp-block-media-text__content\">\n<p class=\"has-large-font-size\">In unserem Kindergarten &#8222;La Cometa&#8220; lernen Kinder seit dem 24. August 1998 von klein auf Spanisch. Als erste Einrichtung dieser Art gegr\u00fcndet, hat sich &#8222;La Cometa&#8220; zu einem renommierten fremdsprachigen Kindergarten entwickelt, der sich auch \u00fcber Hamburg hinaus einen Namen gemacht hat. Schauen Sie gerne in unseren <a rel=\"noreferrer noopener\" href=\"http:\/\/ipicape.de\/new_website\/content\/kgflyer.pdf\" target=\"_blank\">Flyer<\/a>.<\/p>\n<\/div><\/div>\n\n\n\n<p class=\"has-large-font-size\">Das Angebot richtet sich ausdr\u00fccklich auch an Kinder aus deutschsprachigen Familien. Egal ob wir singen, tanzen oder Theater spielen, essen oder vorlesen: Unsere spanischen Erzieherinnen reden ausschlie\u00dflich in ihrer Muttersprache. So erwerben Kinder schon vor der Schule mit Spa\u00df und viel Vergn\u00fcgen unerl\u00e4ssliche F\u00e4higkeiten f\u00fcr ihre Zukunft.<\/p>\n\n\n\n<hr class=\"wp-block-separator has-css-opacity\"\/>\n\n\n\n<h2 class=\"wp-block-heading\">Das Konzept<\/h2>\n\n\n\n<div class=\"wp-block-media-text alignwide has-media-on-the-right is-stacked-on-mobile is-vertically-aligned-center\" style=\"grid-template-columns:auto 37%\"><div class=\"wp-block-media-text__content\">\n<p class=\"has-large-font-size\">Der beste Zeitpunkt zum Erlernen einer Fremdsprache ist die fr\u00fche Kindheit. Deshalb sprechen wir im Deutsch-Spanischen Kindergarten vor allem Spanisch. Ihr Kind lernt durch das H\u00f6ren und die Wiederholungen die neue Sprache ganz von selbst. Gezielte \u00dcbungen und Spiele vertiefen und erweitern seine Sprachkompetenz.<\/p>\n\n\n\n<p class=\"has-normal-font-size\">Wir arbeiten unter anderem mit B\u00fcchern, die f\u00fcr dieses Alter auch in Spanien eingesetzt werden. Zus\u00e4tzlich wenden wir <a href=\"https:\/\/www.ipicape.de\/new_website\/ipicape-espanol-para-parvulos\/\" data-type=\"URL\" data-id=\"https:\/\/www.ipicape.de\/new_website\/ipicape-espanol-para-parvulos\/\">Grammatik\u00fcbungen<\/a> an, die das IPICAPE selbst entwickelt hat.<\/p>\n\n\n\n<p>Rechts sehen Sie einen <em>Ausschnitt aus einer Dokumentation von<a href=\"http:\/\/larscolinsteinmeyer.com\"> Lars Colin Steinmeyer<\/a> \u00fcber den Kindergarten u.a. mit Gr\u00fcnder des IPICAPE, G. Ruedas.<\/em><\/p>\n<\/div><figure class=\"wp-block-media-text__media\"><video controls src=\"http:\/\/larscolinsteinmeyer.com\/wp-content\/uploads\/2011\/09\/03_IPICAPE_Intro.mp4\"><\/video><\/figure><\/div>\n\n\n\n<hr class=\"wp-block-separator has-css-opacity\"\/>\n\n\n\n<h2 class=\"wp-block-heading\" id=\"Kinderkrippe\">Kinderkrippe<\/h2>\n\n\n\n<div class=\"wp-block-media-text alignwide is-stacked-on-mobile\" style=\"grid-template-columns:43% auto\"><figure class=\"wp-block-media-text__media\"><img loading=\"lazy\" decoding=\"async\" width=\"1024\" height=\"508\" src=\"https:\/\/www.ipicape.de\/new_website\/wp-content\/uploads\/2020\/10\/Logo-better-quality-1024x508.png\" alt=\"\" class=\"wp-image-244 size-full\" srcset=\"https:\/\/www.ipicape.de\/new_website\/wp-content\/uploads\/2020\/10\/Logo-better-quality-1024x508.png 1024w, https:\/\/www.ipicape.de\/new_website\/wp-content\/uploads\/2020\/10\/Logo-better-quality-300x149.png 300w, https:\/\/www.ipicape.de\/new_website\/wp-content\/uploads\/2020\/10\/Logo-better-quality-768x381.png 768w, https:\/\/www.ipicape.de\/new_website\/wp-content\/uploads\/2020\/10\/Logo-better-quality-806x400.png 806w, https:\/\/www.ipicape.de\/new_website\/wp-content\/uploads\/2020\/10\/Logo-better-quality.png 1136w\" sizes=\"auto, (max-width: 1024px) 100vw, 1024px\" \/><\/figure><div class=\"wp-block-media-text__content\">\n<p class=\"has-large-font-size\">Seit dem 2. Mai 2011 bieten wir auch in einer Kinderkrippe Betreuung f\u00fcr Kinder unter drei Jahren an.<\/p>\n<\/div><\/div>\n\n\n\n<p class=\"has-large-font-size\">Das wichtigste Ziel ist f\u00fcr uns, dass sich die Kinder in der Kinderkrippe wohlf\u00fchlen. Die Pers\u00f6nlichkeit der Kinder soll gest\u00e4rkt werden (Erwerb personaler und sozialer Kompetenzen), und sie sollen ihre Fantasie und Kreativit\u00e4t entwickeln (Erwerb kognitiver Kompetenzen) durch Erlernen neuen Wissens.<\/p>\n\n\n\n<p class=\"has-large-font-size\">Im Kleinkindalter ist eine ganzheitliche Erziehung wichtig, da Kinder in diesem Alter alles \u00fcber das H\u00f6ren, durch das Schmecken und \u00fcber das F\u00fchlen erfassen. Das Kind steht im Mittelpunkt der Erziehung, das wir mit seinen St\u00e4rken und Schw\u00e4chen so annehmen wie es ist.<\/p>\n\n\n\n<hr class=\"wp-block-separator has-css-opacity\"\/>\n\n\n\n<h2 class=\"wp-block-heading\" id=\"vorschularbeit\">Vorschularbeit<\/h2>\n\n\n\n<div class=\"wp-block-media-text alignwide is-stacked-on-mobile\" style=\"grid-template-columns:15% auto\"><figure class=\"wp-block-media-text__media\"><img loading=\"lazy\" decoding=\"async\" width=\"150\" height=\"225\" src=\"https:\/\/www.ipicape.de\/new_website\/wp-content\/uploads\/2020\/09\/img_lernen.jpg\" alt=\"\" class=\"wp-image-47 size-full\"\/><\/figure><div class=\"wp-block-media-text__content\">\n<p class=\"has-large-font-size\">Kinder ab 5 Jahren erhalten bei uns eine gezielte F\u00f6rderung. Wir malen, basteln, lesen und \u00fcben Schreiben mit ihnen t\u00e4glich zwischen 9:00 und 10:30 Uhr in unserem separaten Gruppenraum. Die von uns verwendeten Materialien und B\u00fccher werden auch in spanischen Vorschulen eingesetzt<\/p>\n<\/div><\/div>\n\n\n\n<hr class=\"wp-block-separator has-css-opacity\"\/>\n\n\n\n<h2 class=\"wp-block-heading\" id=\"gesunde\">Gesunde Ern\u00e4hrung<\/h2>\n\n\n\n<div class=\"wp-block-media-text alignwide has-media-on-the-right is-stacked-on-mobile\" style=\"grid-template-columns:auto 15%\"><div class=\"wp-block-media-text__content\">\n<p class=\"has-large-font-size\">Wir bieten Ihrem Kind ein biologisch vollwertiges Mittagessen in unserem Essraum. Zu den gesunden Zwischenmahlzeiten reichen wir gegen den Durst: Milch, Kakao, Tee und Mineralwasser. Manchmal kochen und backen wir auch gemeinsam\u2026\u2026 das ist ein gro\u00dfer Spa\u00df f\u00fcr alle!<\/p>\n<\/div><figure class=\"wp-block-media-text__media\"><img loading=\"lazy\" decoding=\"async\" width=\"150\" height=\"225\" src=\"https:\/\/www.ipicape.de\/new_website\/wp-content\/uploads\/2020\/09\/kind.jpg\" alt=\"\" class=\"wp-image-48 size-full\"\/><\/figure><\/div>\n\n\n\n<hr class=\"wp-block-separator has-css-opacity\"\/>\n\n\n\n<h2 class=\"wp-block-heading has-text-align-left\" id=\"ausflug\">Kindergarten unterwegs<\/h2>\n\n\n\n<div class=\"wp-block-media-text alignwide is-stacked-on-mobile\" style=\"grid-template-columns:15% auto\"><figure class=\"wp-block-media-text__media\"><img loading=\"lazy\" decoding=\"async\" width=\"175\" height=\"233\" src=\"https:\/\/www.ipicape.de\/new_website\/wp-content\/uploads\/2020\/10\/baer.jpg\" alt=\"\" class=\"wp-image-159 size-full\"\/><\/figure><div class=\"wp-block-media-text__content\">\n<p class=\"has-large-font-size\">Unsere Erzieherinnen sind einmal im Monat mit den Kindern unterwegs. Sie besuchen <a href=\"http:\/\/www.hagenbeck.de\/\">Hagenbecks Tierpark<\/a>, das <a href=\"http:\/\/www.theater-fuer-kinder.de\/\">Theater f\u00fcr Kinder<\/a>, <a href=\"http:\/\/plantenunblomen.hamburg.de\/\">Planten un Blomen<\/a> oder wandern durchs Niendorfer Gehege.Manchmal kommen auch interessante G\u00e4ste vorbei wie z.B. ein Verkehrspolizist oder ein Keramikgestalter. Dann haben die Kinder wieder tagelang etwas zu erz\u00e4hlen.<\/p>\n\n\n\n<p>Ein Ausflug ist f\u00fcr jedes Kind etwas Besonderes, von dem es lange zehrt.<\/p>\n<\/div><\/div>\n\n\n\n<div class=\"wp-block-group\"><div class=\"wp-block-group__inner-container is-layout-flow wp-block-group-is-layout-flow\"><\/div><\/div>\n\n\n\n<hr class=\"wp-block-separator has-css-opacity\"\/>\n\n\n\n<h2 class=\"wp-block-heading\" id=\"leih\">Leihbibliothek<\/h2>\n\n\n\n<p class=\"has-large-font-size\">B\u00fccher sind unerl\u00e4sslich, um eine Sprache zu erwerben.<\/p>\n\n\n\n<p class=\"has-large-font-size\">&#8222;La Cometa&#8220; besitzt eine umfangreiche Bibliothek mit Kinderb\u00fcchern aus Spanien und Lateinamerika.<\/p>\n\n\n\n<p class=\"has-large-font-size\">Jeden Dienstag ist Ausleihe. Dann darf sich jedes Kind ein Buch f\u00fcr eine Woche aussuchen, um es zu Hause in aller Ruhe zu studieren.<\/p>\n\n\n\n<hr class=\"wp-block-separator has-css-opacity\"\/>\n\n\n\n<h2 class=\"wp-block-heading\" id=\"tag\">Beispieltag<\/h2>\n\n\n\n<figure class=\"wp-block-table\"><table><tbody><tr><td>08:00\u201309:00 <\/td><td>   Begr\u00fc\u00dfung der Kinder und Eltern, Fr\u00fchst\u00fcck<\/td><\/tr><tr><td>09:00\u201310:15<\/td><td>   Morgenkreis und Bildungsprogramm entsprechend der Jahreszeit und dem Alter der Kinder.<\/td><\/tr><tr><td>10.00\u201310:30<\/td><td>   Zwischenmahlzeit<\/td><\/tr><tr><td>10:30\u201311:30<\/td><td>   Singen, Basteln, Backen, Tanzen, Freispiel, Gesellschaftsspiele<\/td><\/tr><tr><td>11:30\u201312:00<\/td><td>   Jeweils eine Gruppe bereitet im Wechsel das Mittagessen vor. Die Kinder decken die Tische und verteilen die Teller mit dem<br>   biologisch vollwertigen Essen.<\/td><\/tr><tr><td>12:00\u201312:30<\/td><td>   Mittag in unserem Essraum<\/td><\/tr><tr><td>12:30\u201312:45<\/td><td>   Die Kinder r\u00e4umen die Tische ab und putzen sich anschlie\u00dfend die Z\u00e4hne<\/td><\/tr><tr><td>12:45\u201313:00<\/td><td>   Die Erzieherinnen lesen eine Geschichte auf Spanisch oder Deutsch vor oder singen mit den Kindern Lieder<\/td><\/tr><tr><td>13:00\u201314:00<\/td><td>   Alleine anziehen (oder es lernen), im Garten spielen unter Aufsicht<\/td><\/tr><tr><td>ab 14:00<\/td><td>   Singen, Vorlesen, freies Spiel (bei gutem Wetter im Garten)<br>   Verabschieden der Kinder und der Eltern<\/td><\/tr><\/tbody><\/table><\/figure>\n\n\n\n<hr class=\"wp-block-separator has-css-opacity\"\/>\n\n\n\n<h2 class=\"wp-block-heading\" id=\"opentime\">\u00d6ffnungszeiten<\/h2>\n\n\n\n<p class=\"has-large-font-size\">Der Kindergarten und die Krippe sind wochentags von 8:00 bis 16:00 Uhr ge\u00f6ffnet.<\/p>\n\n\n\n<p class=\"has-large-font-size\"><strong>Weihnachtsferien 2025\/26:<\/strong> 22.12.2025 &#8211; 04.01.2026<\/p>\n\n\n\n<p class=\"has-large-font-size\"><strong>Sommerferien 2026<\/strong>: 13. &#8211; 31.07.2026<\/p>\n\n\n\n<p class=\"has-large-font-size\"><strong>Br\u00fcckentag 2026:<\/strong> Freitag, 15.05.2026<\/p>\n\n\n\n<p class=\"has-large-font-size\">Die Zeiten werden rechtzeitig am &#8222;Schwarzen Brett&#8220; bekannt gegeben.<\/p>\n\n\n\n<p class=\"has-large-font-size\">Bei Interesse k\u00f6nnen Sie Ihr Kind f\u00fcr die Aufnahme in den Deutsch-Spanischen Kindergarten <a href=\"mailto:kg@ipicape.de\">anmelden<\/a> (kg@ipicape.de).<\/p>\n\n\n\n<h1 class=\"wp-block-heading\" id=\"plaetze\">Freie Pl\u00e4tze\/Anmeldung <\/h1>\n\n\n\n<p class=\"has-large-font-size\">Um Ihr Kind auf die Warteliste zu setzen, laden Sie sich bitte das <a href=\"https:\/\/www.ipicape.de\/new_website\/content\/warteliste.pdf\">Formular f\u00fcr die Aufnahme auf die Warteliste<\/a> herunter. Bitte f\u00fcllen Sie die Anmeldung vollst\u00e4ndig aus und senden uns diese an die angegebene Adresse.<\/p>\n\n\n\n<p class=\"has-large-font-size\">Weitere Informationen zu Anmeldung, Geb\u00fchren und anderen Themen in Zusammenhang mit einem Kindergartenplatz finden Sie auf den <a href=\"https:\/\/www.hamburg.de\/behoerdenfinder\/hamburg\/11369495\/\">entsprechenden Seiten der Stadt Hamburg<\/a>.<\/p>\n","protected":false},"excerpt":{"rendered":"<p>FREIE ELEMENTARPL\u00c4TZE Informationen hierzu per Mail: kg@ipicape.de In unserem Kindergarten &#8222;La Cometa&#8220; lernen Kinder seit dem 24. August 1998 von klein auf Spanisch. Als erste Einrichtung dieser Art gegr\u00fcndet, hat sich &#8222;La Cometa&#8220; zu einem &hellip;<\/p>\n","protected":false},"author":1,"featured_media":0,"parent":0,"menu_order":0,"comment_status":"closed","ping_status":"closed","template":"","meta":{"footnotes":""},"class_list":["post-13","page","type-page","status-publish","hentry"],"_links":{"self":[{"href":"https:\/\/www.ipicape.de\/new_website\/wp-json\/wp\/v2\/pages\/13","targetHints":{"allow":["GET"]}}],"collection":[{"href":"https:\/\/www.ipicape.de\/new_website\/wp-json\/wp\/v2\/pages"}],"about":[{"href":"https:\/\/www.ipicape.de\/new_website\/wp-json\/wp\/v2\/types\/page"}],"author":[{"embeddable":true,"href":"https:\/\/www.ipicape.de\/new_website\/wp-json\/wp\/v2\/users\/1"}],"replies":[{"embeddable":true,"href":"https:\/\/www.ipicape.de\/new_website\/wp-json\/wp\/v2\/comments?post=13"}],"version-history":[{"count":88,"href":"https:\/\/www.ipicape.de\/new_website\/wp-json\/wp\/v2\/pages\/13\/revisions"}],"predecessor-version":[{"id":584,"href":"https:\/\/www.ipicape.de\/new_website\/wp-json\/wp\/v2\/pages\/13\/revisions\/584"}],"wp:attachment":[{"href":"https:\/\/www.ipicape.de\/new_website\/wp-json\/wp\/v2\/media?parent=13"}],"curies":[{"name":"wp","href":"https:\/\/api.w.org\/{rel}","templated":true}]}}