{"id":214,"date":"2020-10-19T20:03:59","date_gmt":"2020-10-19T18:03:59","guid":{"rendered":"https:\/\/www.ipicape.de\/new_website\/?page_id=214"},"modified":"2025-06-13T14:19:06","modified_gmt":"2025-06-13T12:19:06","slug":"impressum","status":"publish","type":"page","link":"https:\/\/www.ipicape.de\/new_website\/impressum\/","title":{"rendered":"Impressum"},"content":{"rendered":"\n<figure class=\"wp-block-table is-style-regular\"><table><tbody><tr><td><strong>IPICAPE e. V.<\/strong><br>Friedrich Ebert-Stra\u00dfe 14<br>22459 Hamburg<br>Telefon\/Telefax: +49 40-58917810<br>E-Mail: <a href=\"mailto:info@ipicape.de\">info@ipicape.de<\/a><br>Internet: www.ipicape.de, www.ipicape.org<br><br>Vertretungsberechtigter Vorstand: <br>Dirk Rykena (Vorsitzender), <br>Marina Calder\u00f3n Rojas (stellvertretende Vorsitzende), <br>Detlev Dehmelt (Schatzmeister)<br>Registergericht: Amtsgericht Hamburg<br>Registernummer: VR 10950<br><br>IPICAPE e.V. ist gem\u00e4\u00df \u00a7 6 MDStV f\u00fcr den Inhalt dieser Internetseite verantwortlich.<br><br>Haftungshinweis: Trotz sorgf\u00e4ltiger inhaltlicher Kontrolle \u00fcbernehmen wir keine Haftung f\u00fcr die Inhalte externer Links. F\u00fcr den Inhalt der verlinkten Seiten sind ausschlie\u00dflich deren Betreiber verantwortlich.<\/td><td><strong>IPICAPE e. V.<\/strong><br>Friedrich Ebert-Stra\u00dfe 14<br>22459 Hamburgo<br>Tel\u00e9fono\/Telefax: +49 40-58917810<br>E-Mail: <a href=\"mailto:info@ipicape.de\">info@ipicape.de<\/a><br>Internet: www.ipicape.de, www.ipicape.org<br><br>Representaci\u00f3n de la Junta directiva: <br>Dirk Rykena (presidente), <br>Marina Calder\u00f3n Rojas (vicepresidenta), <br>Detlev Dehmelt (tesorero)<br>Registro judicial: Amtsgericht Hamburg<br>N\u00famero de registro: VR 10950<br><br>IPICAPE e.V. se hace responsable de los contenidos aparecidos en esta p\u00e1gina de Internet seg\u00fan \u00a7 6 MDStV (ley alemana).<br><br>Responsabilidades: Aunque se hace un cuidadoso control no se responde del contenido de textos presentados por enlaces ajenos. Por el contenido de p\u00e1ginas reproducidas son responsables s\u00f3lamente los autores respectivos.<br><\/td><\/tr><\/tbody><\/table><\/figure>\n","protected":false},"excerpt":{"rendered":"<p>IPICAPE e. V.Friedrich Ebert-Stra\u00dfe 1422459 HamburgTelefon\/Telefax: +49 40-58917810E-Mail: info@ipicape.deInternet: www.ipicape.de, www.ipicape.org Vertretungsberechtigter Vorstand: Dirk Rykena (Vorsitzender), Marina Calder\u00f3n Rojas (stellvertretende Vorsitzende), Detlev Dehmelt (Schatzmeister)Registergericht: Amtsgericht HamburgRegisternummer: VR 10950 IPICAPE e.V. ist gem\u00e4\u00df \u00a7 6 MDStV &hellip;<\/p>\n","protected":false},"author":1,"featured_media":0,"parent":0,"menu_order":0,"comment_status":"closed","ping_status":"closed","template":"","meta":{"footnotes":""},"class_list":["post-214","page","type-page","status-publish","hentry"],"_links":{"self":[{"href":"https:\/\/www.ipicape.de\/new_website\/wp-json\/wp\/v2\/pages\/214","targetHints":{"allow":["GET"]}}],"collection":[{"href":"https:\/\/www.ipicape.de\/new_website\/wp-json\/wp\/v2\/pages"}],"about":[{"href":"https:\/\/www.ipicape.de\/new_website\/wp-json\/wp\/v2\/types\/page"}],"author":[{"embeddable":true,"href":"https:\/\/www.ipicape.de\/new_website\/wp-json\/wp\/v2\/users\/1"}],"replies":[{"embeddable":true,"href":"https:\/\/www.ipicape.de\/new_website\/wp-json\/wp\/v2\/comments?post=214"}],"version-history":[{"count":5,"href":"https:\/\/www.ipicape.de\/new_website\/wp-json\/wp\/v2\/pages\/214\/revisions"}],"predecessor-version":[{"id":532,"href":"https:\/\/www.ipicape.de\/new_website\/wp-json\/wp\/v2\/pages\/214\/revisions\/532"}],"wp:attachment":[{"href":"https:\/\/www.ipicape.de\/new_website\/wp-json\/wp\/v2\/media?parent=214"}],"curies":[{"name":"wp","href":"https:\/\/api.w.org\/{rel}","templated":true}]}}