{"id":67,"date":"2020-09-19T16:46:13","date_gmt":"2020-09-19T14:46:13","guid":{"rendered":"https:\/\/www.ipicape.de\/new_website\/?page_id=67"},"modified":"2022-05-13T21:17:12","modified_gmt":"2022-05-13T19:17:12","slug":"calendario","status":"publish","type":"page","link":"https:\/\/www.ipicape.de\/new_website\/es\/calendario\/","title":{"rendered":"IPICAPE &#8211; Calendario"},"content":{"rendered":"<table border=\"1\" width=\"100%\">\n<tbody>\n<tr>\n<td align=\"left\" valign=\"top\"><span style=\"font-family: Helvetica;\"><span style=\"color: #ff0000;\">\u00a1CANCELADO!<br \/>\nLa nueva fecha se anunciar\u00e1 m\u00e1s tarde.<\/span> <\/span><\/td>\n<td align=\"left\"><span style=\"font-family: Helvetica;\"><b>Goya, Fragonard, Tiepolo. Die Freiheit der Malerei<\/b><\/span>Con <a href=\"https:\/\/www.hamburger-kunsthalle.de\/ausstellungen\/goya-fragonard-tiepolo\">&#8222;Goya, Fragonard, Tiepolo. Die Freiheit der Malerei&#8220;<\/a> la <a href=\"https:\/\/www.hamburger-kunsthalle.de\/\">Hamburger Kunsthalle<\/a> dedica una exposici\u00f3n extensa a una de los \u00e9pocas m\u00e1s influyentes de la historia del arte europeo: el siglo 18, un apogeo y tiempo de revoluci\u00f3n del arte europeo.<br \/>\nLa presentaci\u00f3n reune unas 150 pinturas y gr\u00e1ficas significantes de m\u00e1s de 30 museos importantes nacionales e internacionales (Prado, Rijksmuseum etc. y su propio fondo). Muchas de estas obras se prestan raramente o nunca.<br \/>\nPor la primera vez se exhiben juntos en esta exposici\u00f3n ambiciosa obras de Goya, Fragonard y Giovanni Battista Tiepolo y su hijo, Giovanni Domenico Tiepolo, y se ponen en un contexto com\u00fan como pioneros de la modernidad.<\/p>\n<p>El n\u00famero m\u00e1ximo de participantes en la visita guiada es de 15 personas, por eso les rogamos que contacten a <a href=\"mailto:visitaguiada@ipicape.de\">Michael Buschmann<\/a> con el asunto &#8222;Kunsthalle&#8220; hasta el 9 de febrero para inscribirse.<\/p>\n<p>Gu\u00eda: Carmen Valiente Barra<br \/>\nLugar de encuentro: a las 14.30 (puntual), <a href=\"https:\/\/hamburger-kunsthalle.de\">Hamburger Kunsthalle, Glockengie\u00dferwall 5<\/a><br \/>\nTasa: 14,00\u20ac (socios)\/16,00\u20ac (no socios)<br \/>\nDuraci\u00f3n: 90 minutos<\/td>\n<\/tr>\n<\/tbody>\n<\/table>\n<table border=\"0\" width=\"100%\">\n<tbody>\n<tr>\n<td align=\"left\" valign=\"top\">Todos los eventos tienen lugar en la sede del IPICAPE, Friedrich Ebert-Stra\u00dfe 14, Hamburgo, si no se anuncia algo diferente.<\/p>\n<ul>\n<li><a href=\"https:\/\/www.ipicape.de\/new_website\/es\/actividades-pasadas\/\">Lista de actividades pasadas del IPICAPE<\/a><\/li>\n<\/ul>\n<\/td>\n<\/tr>\n<\/tbody>\n<\/table>\n","protected":false},"excerpt":{"rendered":"<p>\u00a1CANCELADO! La nueva fecha se anunciar\u00e1 m\u00e1s tarde. Goya, Fragonard, Tiepolo. Die Freiheit der MalereiCon &#8222;Goya, Fragonard, Tiepolo. Die Freiheit der Malerei&#8220; la Hamburger Kunsthalle dedica una exposici\u00f3n extensa a una de los \u00e9pocas m\u00e1s &hellip;<\/p>\n","protected":false},"author":1,"featured_media":0,"parent":0,"menu_order":0,"comment_status":"closed","ping_status":"closed","template":"","meta":{"footnotes":""},"class_list":["post-67","page","type-page","status-publish","hentry"],"_links":{"self":[{"href":"https:\/\/www.ipicape.de\/new_website\/wp-json\/wp\/v2\/pages\/67","targetHints":{"allow":["GET"]}}],"collection":[{"href":"https:\/\/www.ipicape.de\/new_website\/wp-json\/wp\/v2\/pages"}],"about":[{"href":"https:\/\/www.ipicape.de\/new_website\/wp-json\/wp\/v2\/types\/page"}],"author":[{"embeddable":true,"href":"https:\/\/www.ipicape.de\/new_website\/wp-json\/wp\/v2\/users\/1"}],"replies":[{"embeddable":true,"href":"https:\/\/www.ipicape.de\/new_website\/wp-json\/wp\/v2\/comments?post=67"}],"version-history":[{"count":3,"href":"https:\/\/www.ipicape.de\/new_website\/wp-json\/wp\/v2\/pages\/67\/revisions"}],"predecessor-version":[{"id":365,"href":"https:\/\/www.ipicape.de\/new_website\/wp-json\/wp\/v2\/pages\/67\/revisions\/365"}],"wp:attachment":[{"href":"https:\/\/www.ipicape.de\/new_website\/wp-json\/wp\/v2\/media?parent=67"}],"curies":[{"name":"wp","href":"https:\/\/api.w.org\/{rel}","templated":true}]}}