{"id":87,"date":"2020-09-19T17:22:52","date_gmt":"2020-09-19T15:22:52","guid":{"rendered":"https:\/\/www.ipicape.de\/new_website\/?page_id=87"},"modified":"2022-05-13T20:22:26","modified_gmt":"2022-05-13T18:22:26","slug":"ueber-ipicape-e-v","status":"publish","type":"page","link":"https:\/\/www.ipicape.de\/new_website\/ueber-ipicape-e-v\/","title":{"rendered":"\u00dcber IPICAPE e.V"},"content":{"rendered":"<p>Das IPICAPE entstand 1986 mit dem Ziel, die kulturelle Pr\u00e4senz der spanischsprachigen L\u00e4nder im Gro\u00dfraum Hamburg zu st\u00e4rken. Das Institut m\u00f6chte die Begegnungen zwischen den spanischsprachigen Deutschen und Nicht-Deutschen, die sich f\u00fcr eine st\u00e4rkere menschliche und kulturelle Ann\u00e4herung interessieren, f\u00f6rdern.<\/p>\n<p>Um dieses Ziel zu erreichen, unterst\u00fctzt das IPICAPE kulturelle T\u00e4tigkeiten aller Art. Wir sind der Meinung, dass die Kultur die beste Br\u00fccke f\u00fcr die Kommunikation und Verst\u00e4ndigung unter den V\u00f6lkern ist. Eine ausf\u00fchrlichere Darlegung dieser Gedanken finden Sie in einer <a href=\"https:\/\/www.ipicape.de\/deutsch\/manifest.html\">Rede des Gr\u00fcndungspr\u00e4sidenten<\/a> aus dem Jahr 1986, die als Manifest des IPICAPE gelten kann.<\/p>\n<p>Jeder, der zu diesem Ziel beitragen m\u00f6chte, ist bei uns willkommen. Wir laden Sie herzlich ein, dem IPICAPE beizutreten.<\/p>\n<p>Aktivit\u00e4ten:<\/p>\n<p><a href=\"https:\/\/www.ipicape.de\/new_website\/\">Zweisprachiger Kindergarten<\/a><br \/>\nSpanischsprachige Schule<br \/>\n<a href=\"https:\/\/www.ipicape.de\/new_website\/ipicape-terminkalender\/\">Vortr\u00e4ge, Seminare, Ausstellungen etc.<\/a><\/p>\n<p>S\u00e4mtliche vergangenen Aktivit\u00e4ten des IPICAPE k\u00f6nnen Sie <a href=\"https:\/\/www.ipicape.de\/new_website\/vergangene-aktivitaeten\/\" target=\"_blank\" rel=\"noopener\">hier<\/a> nachlesen.<\/p>\n<p><span style=\"font-family: Helvetica;\">\u00a0<\/span><\/p>\n<p>Der Jahresbeitrag betr\u00e4gt f\u00fcr:<\/p>\n<table border=\"0\">\n<tbody>\n<tr>\n<td align=\"left\"><span style=\"font-family: Helvetica;\">Einzelmitglieder <\/span><\/td>\n<td align=\"left\"><span style=\"font-family: Helvetica;\">\u20ac 20,- <\/span><\/td>\n<\/tr>\n<tr>\n<td align=\"left\"><span style=\"font-family: Helvetica;\">Familien <\/span><\/td>\n<td align=\"left\"><span style=\"font-family: Helvetica;\">\u20ac 30,- <\/span><\/td>\n<\/tr>\n<tr>\n<td align=\"left\"><span style=\"font-family: Helvetica;\">Juristische Personen <\/span><\/td>\n<td align=\"left\"><span style=\"font-family: Helvetica;\">\u20ac 60,- <\/span><\/td>\n<\/tr>\n<\/tbody>\n<\/table>\n<p>Mitgliedsbeitr\u00e4ge und Spenden sind steuerlich absetzbar.<\/p>\n<p>Wenn Sie Interesse an einer Mitgliedschaft haben, f\u00fcllen Sie bitte die <a href=\"https:\/\/www.ipicape.de\/new_website\/content\/beitritt.pdf\">Beitrittserkl\u00e4rung<\/a> aus und schicken Sie sie an:<\/p>\n<table border=\"0\">\n<tbody>\n<tr>\n<td align=\"left\"><span style=\"font-family: Helvetica;\">IPICAPE e. V. <\/span><\/td>\n<\/tr>\n<tr>\n<td align=\"left\"><span style=\"font-family: Helvetica;\">Friedrich Ebert-Str. 14 <\/span><\/td>\n<\/tr>\n<tr>\n<td align=\"left\"><span style=\"font-family: Helvetica;\">22459 Hamburg <\/span><\/td>\n<\/tr>\n<\/tbody>\n<\/table>\n","protected":false},"excerpt":{"rendered":"<p>Das IPICAPE entstand 1986 mit dem Ziel, die kulturelle Pr\u00e4senz der spanischsprachigen L\u00e4nder im Gro\u00dfraum Hamburg zu st\u00e4rken. Das Institut m\u00f6chte die Begegnungen zwischen den spanischsprachigen Deutschen und Nicht-Deutschen, die sich f\u00fcr eine st\u00e4rkere menschliche &hellip;<\/p>\n","protected":false},"author":1,"featured_media":0,"parent":0,"menu_order":0,"comment_status":"closed","ping_status":"closed","template":"","meta":{"footnotes":""},"class_list":["post-87","page","type-page","status-publish","hentry"],"_links":{"self":[{"href":"https:\/\/www.ipicape.de\/new_website\/wp-json\/wp\/v2\/pages\/87","targetHints":{"allow":["GET"]}}],"collection":[{"href":"https:\/\/www.ipicape.de\/new_website\/wp-json\/wp\/v2\/pages"}],"about":[{"href":"https:\/\/www.ipicape.de\/new_website\/wp-json\/wp\/v2\/types\/page"}],"author":[{"embeddable":true,"href":"https:\/\/www.ipicape.de\/new_website\/wp-json\/wp\/v2\/users\/1"}],"replies":[{"embeddable":true,"href":"https:\/\/www.ipicape.de\/new_website\/wp-json\/wp\/v2\/comments?post=87"}],"version-history":[{"count":4,"href":"https:\/\/www.ipicape.de\/new_website\/wp-json\/wp\/v2\/pages\/87\/revisions"}],"predecessor-version":[{"id":353,"href":"https:\/\/www.ipicape.de\/new_website\/wp-json\/wp\/v2\/pages\/87\/revisions\/353"}],"wp:attachment":[{"href":"https:\/\/www.ipicape.de\/new_website\/wp-json\/wp\/v2\/media?parent=87"}],"curies":[{"name":"wp","href":"https:\/\/api.w.org\/{rel}","templated":true}]}}