{"id":89,"date":"2020-09-19T17:24:39","date_gmt":"2020-09-19T15:24:39","guid":{"rendered":"https:\/\/www.ipicape.de\/new_website\/?page_id=89"},"modified":"2022-05-14T13:58:03","modified_gmt":"2022-05-14T11:58:03","slug":"sobre-ipicpae-e-v","status":"publish","type":"page","link":"https:\/\/www.ipicape.de\/new_website\/es\/sobre-ipicpae-e-v\/","title":{"rendered":"Sobre IPICAPE e.V"},"content":{"rendered":"<h1>IPICAPE &#8211; actividades y metas<\/h1>\n<p>El IPICAPE se fund\u00f3 en 1986 con la meta de reforzar la presencia cultural de los pa\u00edses de habla hispana en Hamburgo. El Instituto quiere fomentar el encuentro entre las personas de estos pa\u00edses y los alemanes que se interesen por la cultura y las personas del \u00e1mbito hispanoparlante.<\/p>\n<p>Para lograr esta meta el IPICAPE organiza actividades de tipo cultural, ya que la cultura es el mejor puente de comunicaci\u00f3n y acercamiento entre los pueblos. Una manifestaci\u00f3n m\u00e1s detallada de estos pensamientos se encuentra en un <a href=\"https:\/\/www.ipicape.de\/deutsch\/manifest.html\">discurso del presidente fundador<\/a> (en alem\u00e1n) del a\u00f1o 1986, que se puede considerar el manifiesto del IPICAPE.<\/p>\n<p>Todo aquel que comparta estos intereses es bienvenido e invitado a formar parte del IPICAPE.<\/p>\n<p>Actividades:<\/p>\n<p><a href=\"https:\/\/www.ipicape.de\/new_website\/es\/guarderia-aleman-epspanola\/\">Kindergarten biling\u00fce<\/a><br \/>\n<a href=\"https:\/\/www.ipicape.de\/new_website\/es\/85-2\/\">Escuela de espa\u00f1ol<\/a><br \/>\n<a href=\"https:\/\/www.ipicape.de\/new_website\/es\/calendario\/\">Conferencias, seminarios, exposiciones etc.<\/a><\/p>\n<p>Una sinopsis de todas las actividades pasadas del IPICAPE se encuentra en una <a href=\"https:\/\/www.ipicape.de\/new_website\/es\/actividades-pasadas\/\">lista detallada<\/a>.<\/p>\n<p><span style=\"font-family: Helvetica;\">\u00a0<\/span><\/p>\n<p>La cuota anual es:<\/p>\n<table border=\"0\">\n<tbody>\n<tr>\n<td align=\"left\"><span style=\"font-family: Helvetica;\">Personas solas <\/span><\/td>\n<td align=\"left\"><span style=\"font-family: Helvetica;\">\u20ac 20,- <\/span><\/td>\n<\/tr>\n<tr>\n<td align=\"left\"><span style=\"font-family: Helvetica;\">Familias <\/span><\/td>\n<td align=\"left\"><span style=\"font-family: Helvetica;\">\u20ac 30,- <\/span><\/td>\n<\/tr>\n<tr>\n<td align=\"left\"><span style=\"font-family: Helvetica;\">Instituciones <\/span><\/td>\n<td align=\"left\"><span style=\"font-family: Helvetica;\">\u20ac 60,- <\/span><\/td>\n<\/tr>\n<\/tbody>\n<\/table>\n<p>La cuota y las donaciones son descontables de los impuestos.<\/p>\n<p>Si tiene inter\u00e9s en ser miembro, por favor rellene la <a href=\"https:\/\/www.ipicape.de\/new_website\/content\/ingreso.pdf\">declaraci\u00f3n de ingreso<\/a> y mandela a:<\/p>\n<table border=\"0\">\n<tbody>\n<tr>\n<td align=\"left\"><span style=\"font-family: Helvetica;\">IPICAPE e. V. <\/span><\/td>\n<\/tr>\n<tr>\n<td align=\"left\"><span style=\"font-family: Helvetica;\">Friedrich Ebert-Str. 14 <\/span><\/td>\n<\/tr>\n<tr>\n<td align=\"left\"><span style=\"font-family: Helvetica;\">22459 Hamburg <\/span><\/td>\n<\/tr>\n<\/tbody>\n<\/table>\n","protected":false},"excerpt":{"rendered":"<p>IPICAPE &#8211; actividades y metas El IPICAPE se fund\u00f3 en 1986 con la meta de reforzar la presencia cultural de los pa\u00edses de habla hispana en Hamburgo. El Instituto quiere fomentar el encuentro entre las &hellip;<\/p>\n","protected":false},"author":1,"featured_media":0,"parent":0,"menu_order":0,"comment_status":"closed","ping_status":"closed","template":"","meta":{"footnotes":""},"class_list":["post-89","page","type-page","status-publish","hentry"],"_links":{"self":[{"href":"https:\/\/www.ipicape.de\/new_website\/wp-json\/wp\/v2\/pages\/89","targetHints":{"allow":["GET"]}}],"collection":[{"href":"https:\/\/www.ipicape.de\/new_website\/wp-json\/wp\/v2\/pages"}],"about":[{"href":"https:\/\/www.ipicape.de\/new_website\/wp-json\/wp\/v2\/types\/page"}],"author":[{"embeddable":true,"href":"https:\/\/www.ipicape.de\/new_website\/wp-json\/wp\/v2\/users\/1"}],"replies":[{"embeddable":true,"href":"https:\/\/www.ipicape.de\/new_website\/wp-json\/wp\/v2\/comments?post=89"}],"version-history":[{"count":3,"href":"https:\/\/www.ipicape.de\/new_website\/wp-json\/wp\/v2\/pages\/89\/revisions"}],"predecessor-version":[{"id":371,"href":"https:\/\/www.ipicape.de\/new_website\/wp-json\/wp\/v2\/pages\/89\/revisions\/371"}],"wp:attachment":[{"href":"https:\/\/www.ipicape.de\/new_website\/wp-json\/wp\/v2\/media?parent=89"}],"curies":[{"name":"wp","href":"https:\/\/api.w.org\/{rel}","templated":true}]}}